{"id":89,"date":"2020-11-22T14:37:27","date_gmt":"2020-11-22T13:37:27","guid":{"rendered":"https:\/\/sklepik.podgorze.pl\/?post_type=product&#038;p=89"},"modified":"2025-05-28T20:10:19","modified_gmt":"2025-05-28T18:10:19","slug":"skarpety-slon-2","status":"publish","type":"product","link":"https:\/\/sklepik.podgorze.pl\/index.php\/produkt\/skarpety-slon-2\/","title":{"rendered":"Skarpety S\u0142o\u0144 &#8211; rozmiar: 36-41"},"content":{"rendered":"","protected":false},"excerpt":{"rendered":"<p>Skarpety z motywem podg\u00f3rskiego s\u0142onia z ul. Kalwaryjskiej 6.<\/p>\n<p>Sk\u0142ad: bawe\u0142na 80%, poliamid &#8211; 15%, elastan &#8211; 5%<\/p>\n","protected":false},"featured_media":90,"template":"","meta":[],"product_brand":[],"product_cat":[24],"product_tag":[],"class_list":{"0":"post-89","1":"product","2":"type-product","3":"status-publish","4":"has-post-thumbnail","6":"product_cat-skarpetki","8":"first","9":"instock","10":"shipping-taxable","11":"purchasable","12":"product-type-simple"},"jetpack_sharing_enabled":true,"_links":{"self":[{"href":"https:\/\/sklepik.podgorze.pl\/index.php\/wp-json\/wp\/v2\/product\/89","targetHints":{"allow":["GET"]}}],"collection":[{"href":"https:\/\/sklepik.podgorze.pl\/index.php\/wp-json\/wp\/v2\/product"}],"about":[{"href":"https:\/\/sklepik.podgorze.pl\/index.php\/wp-json\/wp\/v2\/types\/product"}],"wp:featuredmedia":[{"embeddable":true,"href":"https:\/\/sklepik.podgorze.pl\/index.php\/wp-json\/wp\/v2\/media\/90"}],"wp:attachment":[{"href":"https:\/\/sklepik.podgorze.pl\/index.php\/wp-json\/wp\/v2\/media?parent=89"}],"wp:term":[{"taxonomy":"product_brand","embeddable":true,"href":"https:\/\/sklepik.podgorze.pl\/index.php\/wp-json\/wp\/v2\/product_brand?post=89"},{"taxonomy":"product_cat","embeddable":true,"href":"https:\/\/sklepik.podgorze.pl\/index.php\/wp-json\/wp\/v2\/product_cat?post=89"},{"taxonomy":"product_tag","embeddable":true,"href":"https:\/\/sklepik.podgorze.pl\/index.php\/wp-json\/wp\/v2\/product_tag?post=89"}],"curies":[{"name":"wp","href":"https:\/\/api.w.org\/{rel}","templated":true}]}}