{"id":622,"date":"2026-03-21T23:16:48","date_gmt":"2026-03-21T22:16:48","guid":{"rendered":"https:\/\/sklepik.podgorze.pl\/?post_type=product&#038;p=622"},"modified":"2026-03-24T07:54:44","modified_gmt":"2026-03-24T06:54:44","slug":"miska-podgorze-500-ml","status":"publish","type":"product","link":"https:\/\/sklepik.podgorze.pl\/index.php\/produkt\/miska-podgorze-500-ml\/","title":{"rendered":"Miska Podg\u00f3rze 500 ml"},"content":{"rendered":"<p><strong>PROMOCJA &#8211; w zestawie z kubkiem p\u0142acisz 10 z\u0142otych taniej! (40 z\u0142)<\/strong><\/p>\n<p>Kiedy nie tylko chcesz pi\u0107, ale i je\u015b\u0107 z widokiem na nasz\u0105 ulubion\u0105 dzielnic\u0119 \ud83d\ude42<\/p>\n<p>Dla ka\u017cdej osoby z dusz\u0105 i\/lub cia\u0142em po drugiej stronie Wis\u0142y,\u00a0 namalowana r\u0119cznie dla Stowarzyszenia Podgorze.pl przez pracowni\u0119 Faramuszka.<\/p>\n<p>Pojemno\u015b\u0107 500 ml, polska ceramika.<\/p>\n<p>&nbsp;<\/p>\n","protected":false},"excerpt":{"rendered":"<p>PROMOCJA &#8211; w zestawie z kubkiem p\u0142acisz 10 z\u0142otych taniej! (40 z\u0142) Kiedy nie tylko chcesz pi\u0107, ale i je\u015b\u0107 z widokiem na nasz\u0105 ulubion\u0105 dzielnic\u0119 \ud83d\ude42 Dla ka\u017cdej osoby z dusz\u0105 i\/lub cia\u0142em po drugiej stronie Wis\u0142y,\u00a0 namalowana r\u0119cznie dla Stowarzyszenia Podgorze.pl przez pracowni\u0119 Faramuszka. Pojemno\u015b\u0107 500 ml, polska ceramika. &nbsp;<\/p>\n","protected":false},"featured_media":619,"template":"","meta":[],"product_brand":[],"product_cat":[15],"product_tag":[],"class_list":{"0":"post-622","1":"product","2":"type-product","3":"status-publish","4":"has-post-thumbnail","6":"product_cat-bez-kategorii","8":"first","9":"instock","10":"shipping-taxable","11":"purchasable","12":"product-type-simple"},"jetpack_sharing_enabled":true,"_links":{"self":[{"href":"https:\/\/sklepik.podgorze.pl\/index.php\/wp-json\/wp\/v2\/product\/622","targetHints":{"allow":["GET"]}}],"collection":[{"href":"https:\/\/sklepik.podgorze.pl\/index.php\/wp-json\/wp\/v2\/product"}],"about":[{"href":"https:\/\/sklepik.podgorze.pl\/index.php\/wp-json\/wp\/v2\/types\/product"}],"wp:featuredmedia":[{"embeddable":true,"href":"https:\/\/sklepik.podgorze.pl\/index.php\/wp-json\/wp\/v2\/media\/619"}],"wp:attachment":[{"href":"https:\/\/sklepik.podgorze.pl\/index.php\/wp-json\/wp\/v2\/media?parent=622"}],"wp:term":[{"taxonomy":"product_brand","embeddable":true,"href":"https:\/\/sklepik.podgorze.pl\/index.php\/wp-json\/wp\/v2\/product_brand?post=622"},{"taxonomy":"product_cat","embeddable":true,"href":"https:\/\/sklepik.podgorze.pl\/index.php\/wp-json\/wp\/v2\/product_cat?post=622"},{"taxonomy":"product_tag","embeddable":true,"href":"https:\/\/sklepik.podgorze.pl\/index.php\/wp-json\/wp\/v2\/product_tag?post=622"}],"curies":[{"name":"wp","href":"https:\/\/api.w.org\/{rel}","templated":true}]}}