{"id":536,"date":"2025-05-28T20:12:39","date_gmt":"2025-05-28T18:12:39","guid":{"rendered":"https:\/\/sklepik.podgorze.pl\/?post_type=product&#038;p=536"},"modified":"2026-03-27T12:21:49","modified_gmt":"2026-03-27T11:21:49","slug":"skarpety-jelonek-rozmiar-42-46","status":"publish","type":"product","link":"https:\/\/sklepik.podgorze.pl\/index.php\/produkt\/skarpety-jelonek-rozmiar-42-46\/","title":{"rendered":"Skarpety Jelonek rozmiar 42-46"},"content":{"rendered":"","protected":false},"excerpt":{"rendered":"<div class=\"woocommerce-product-details__short-description\">\n<p>Skarpety z najbardziej podg\u00f3rskim z jelonk\u00f3w w wersji zielono-czerwono-z\u0142otej.<\/p>\n<p>Sk\u0142ad: bawe\u0142na 80%, poliamid \u2013 15%, elastan \u2013 5%<\/p>\n<\/div>\n","protected":false},"featured_media":537,"template":"","meta":[],"product_brand":[],"product_cat":[24],"product_tag":[],"class_list":{"0":"post-536","1":"product","2":"type-product","3":"status-publish","4":"has-post-thumbnail","6":"product_cat-skarpetki","8":"first","9":"instock","10":"shipping-taxable","11":"purchasable","12":"product-type-simple"},"jetpack_sharing_enabled":true,"_links":{"self":[{"href":"https:\/\/sklepik.podgorze.pl\/index.php\/wp-json\/wp\/v2\/product\/536","targetHints":{"allow":["GET"]}}],"collection":[{"href":"https:\/\/sklepik.podgorze.pl\/index.php\/wp-json\/wp\/v2\/product"}],"about":[{"href":"https:\/\/sklepik.podgorze.pl\/index.php\/wp-json\/wp\/v2\/types\/product"}],"wp:featuredmedia":[{"embeddable":true,"href":"https:\/\/sklepik.podgorze.pl\/index.php\/wp-json\/wp\/v2\/media\/537"}],"wp:attachment":[{"href":"https:\/\/sklepik.podgorze.pl\/index.php\/wp-json\/wp\/v2\/media?parent=536"}],"wp:term":[{"taxonomy":"product_brand","embeddable":true,"href":"https:\/\/sklepik.podgorze.pl\/index.php\/wp-json\/wp\/v2\/product_brand?post=536"},{"taxonomy":"product_cat","embeddable":true,"href":"https:\/\/sklepik.podgorze.pl\/index.php\/wp-json\/wp\/v2\/product_cat?post=536"},{"taxonomy":"product_tag","embeddable":true,"href":"https:\/\/sklepik.podgorze.pl\/index.php\/wp-json\/wp\/v2\/product_tag?post=536"}],"curies":[{"name":"wp","href":"https:\/\/api.w.org\/{rel}","templated":true}]}}