{"id":458,"date":"2024-05-20T18:00:37","date_gmt":"2024-05-20T16:00:37","guid":{"rendered":"https:\/\/sklepik.podgorze.pl\/?post_type=product&#038;p=458"},"modified":"2026-03-21T23:14:07","modified_gmt":"2026-03-21T22:14:07","slug":"kubek-dziewczyna-z-podgorza-300-ml","status":"publish","type":"product","link":"https:\/\/sklepik.podgorze.pl\/index.php\/produkt\/kubek-dziewczyna-z-podgorza-300-ml\/","title":{"rendered":"Kubek Dziewczyna z Podg\u00f3rza 300 ml (r\u00f3\u017cowy rant)"},"content":{"rendered":"<p>Dla ka\u017cdej dziewczyny z dusz\u0105 i\/lub cia\u0142em po drugiej stronie Wis\u0142y \ud83d\ude42 namalowany r\u0119cznie dla Stowarzyszenia Podgorze.pl przez pracowni\u0119 Faramuszka.<\/p>\n<p>R\u00f3\u017cowy rant. Pojemno\u015b\u0107 300 ml, polska ceramika.<\/p>\n","protected":false},"excerpt":{"rendered":"<p>Dla ka\u017cdej dziewczyny z dusz\u0105 i\/lub cia\u0142em po drugiej stronie Wis\u0142y \ud83d\ude42 namalowany r\u0119cznie dla Stowarzyszenia Podgorze.pl przez pracowni\u0119 Faramuszka. R\u00f3\u017cowy rant. Pojemno\u015b\u0107 300 ml, polska ceramika.<\/p>\n","protected":false},"featured_media":617,"template":"","meta":[],"product_brand":[],"product_cat":[23],"product_tag":[],"class_list":{"0":"post-458","1":"product","2":"type-product","3":"status-publish","4":"has-post-thumbnail","6":"product_cat-kubki","8":"first","9":"instock","10":"shipping-taxable","11":"purchasable","12":"product-type-simple"},"jetpack_sharing_enabled":true,"_links":{"self":[{"href":"https:\/\/sklepik.podgorze.pl\/index.php\/wp-json\/wp\/v2\/product\/458","targetHints":{"allow":["GET"]}}],"collection":[{"href":"https:\/\/sklepik.podgorze.pl\/index.php\/wp-json\/wp\/v2\/product"}],"about":[{"href":"https:\/\/sklepik.podgorze.pl\/index.php\/wp-json\/wp\/v2\/types\/product"}],"wp:featuredmedia":[{"embeddable":true,"href":"https:\/\/sklepik.podgorze.pl\/index.php\/wp-json\/wp\/v2\/media\/617"}],"wp:attachment":[{"href":"https:\/\/sklepik.podgorze.pl\/index.php\/wp-json\/wp\/v2\/media?parent=458"}],"wp:term":[{"taxonomy":"product_brand","embeddable":true,"href":"https:\/\/sklepik.podgorze.pl\/index.php\/wp-json\/wp\/v2\/product_brand?post=458"},{"taxonomy":"product_cat","embeddable":true,"href":"https:\/\/sklepik.podgorze.pl\/index.php\/wp-json\/wp\/v2\/product_cat?post=458"},{"taxonomy":"product_tag","embeddable":true,"href":"https:\/\/sklepik.podgorze.pl\/index.php\/wp-json\/wp\/v2\/product_tag?post=458"}],"curies":[{"name":"wp","href":"https:\/\/api.w.org\/{rel}","templated":true}]}}