{"id":454,"date":"2024-05-20T18:00:49","date_gmt":"2024-05-20T16:00:49","guid":{"rendered":"https:\/\/sklepik.podgorze.pl\/?post_type=product&#038;p=454"},"modified":"2026-03-21T23:12:27","modified_gmt":"2026-03-21T22:12:27","slug":"kubek-chlopak-z-podgorza-300-ml","status":"publish","type":"product","link":"https:\/\/sklepik.podgorze.pl\/index.php\/produkt\/kubek-chlopak-z-podgorza-300-ml\/","title":{"rendered":"Kubek Ch\u0142opak z Podg\u00f3rza 300 ml"},"content":{"rendered":"<p>Dla ka\u017cdego ch\u0142opaka z dusz\u0105 i\/lub cia\u0142em po drugiej stronie Wis\u0142y \ud83d\ude42 namalowany r\u0119cznie dla Stowarzyszenia Podgorze.pl przez pracowni\u0119 Faramuszka.<\/p>\n<p>Pojemno\u015b\u0107 300 ml, polska ceramika.<\/p>\n","protected":false},"excerpt":{"rendered":"<p>Dla ka\u017cdego ch\u0142opaka z dusz\u0105 i\/lub cia\u0142em po drugiej stronie Wis\u0142y \ud83d\ude42 namalowany r\u0119cznie dla Stowarzyszenia Podgorze.pl przez pracowni\u0119 Faramuszka. Pojemno\u015b\u0107 300 ml, polska ceramika.<\/p>\n","protected":false},"featured_media":618,"template":"","meta":[],"product_brand":[],"product_cat":[23],"product_tag":[],"class_list":{"0":"post-454","1":"product","2":"type-product","3":"status-publish","4":"has-post-thumbnail","6":"product_cat-kubki","8":"first","9":"instock","10":"shipping-taxable","11":"purchasable","12":"product-type-simple"},"jetpack_sharing_enabled":true,"_links":{"self":[{"href":"https:\/\/sklepik.podgorze.pl\/index.php\/wp-json\/wp\/v2\/product\/454","targetHints":{"allow":["GET"]}}],"collection":[{"href":"https:\/\/sklepik.podgorze.pl\/index.php\/wp-json\/wp\/v2\/product"}],"about":[{"href":"https:\/\/sklepik.podgorze.pl\/index.php\/wp-json\/wp\/v2\/types\/product"}],"wp:featuredmedia":[{"embeddable":true,"href":"https:\/\/sklepik.podgorze.pl\/index.php\/wp-json\/wp\/v2\/media\/618"}],"wp:attachment":[{"href":"https:\/\/sklepik.podgorze.pl\/index.php\/wp-json\/wp\/v2\/media?parent=454"}],"wp:term":[{"taxonomy":"product_brand","embeddable":true,"href":"https:\/\/sklepik.podgorze.pl\/index.php\/wp-json\/wp\/v2\/product_brand?post=454"},{"taxonomy":"product_cat","embeddable":true,"href":"https:\/\/sklepik.podgorze.pl\/index.php\/wp-json\/wp\/v2\/product_cat?post=454"},{"taxonomy":"product_tag","embeddable":true,"href":"https:\/\/sklepik.podgorze.pl\/index.php\/wp-json\/wp\/v2\/product_tag?post=454"}],"curies":[{"name":"wp","href":"https:\/\/api.w.org\/{rel}","templated":true}]}}