{"id":28,"date":"2020-11-11T20:52:26","date_gmt":"2020-11-11T19:52:26","guid":{"rendered":"https:\/\/sklep.podgorze.pl\/?post_type=product&#038;p=28"},"modified":"2025-08-26T19:14:41","modified_gmt":"2025-08-26T17:14:41","slug":"magnes-ceramiczny-fort-sw-benedykta","status":"publish","type":"product","link":"https:\/\/sklepik.podgorze.pl\/index.php\/produkt\/magnes-ceramiczny-fort-sw-benedykta\/","title":{"rendered":"Magnes ceramiczny Fort \u015bw. Benedykt"},"content":{"rendered":"<p>Magnes ceramiczny:\u00a0 Fort \u015bw. Benedykt<\/p>\n","protected":false},"excerpt":{"rendered":"<p>Fort \u015bw. Benedykta, ka\u017cdy indywidualnie dekorowany przez podg\u00f3rsk\u0105 pracowni\u0119 ceramiczn\u0105, ka\u017cdy w innych odcieniach.<\/p>\n","protected":false},"featured_media":29,"template":"","meta":[],"product_brand":[],"product_cat":[15],"product_tag":[],"class_list":{"0":"post-28","1":"product","2":"type-product","3":"status-publish","4":"has-post-thumbnail","6":"product_cat-bez-kategorii","8":"first","9":"instock","10":"shipping-taxable","11":"purchasable","12":"product-type-simple"},"jetpack_sharing_enabled":true,"_links":{"self":[{"href":"https:\/\/sklepik.podgorze.pl\/index.php\/wp-json\/wp\/v2\/product\/28","targetHints":{"allow":["GET"]}}],"collection":[{"href":"https:\/\/sklepik.podgorze.pl\/index.php\/wp-json\/wp\/v2\/product"}],"about":[{"href":"https:\/\/sklepik.podgorze.pl\/index.php\/wp-json\/wp\/v2\/types\/product"}],"wp:featuredmedia":[{"embeddable":true,"href":"https:\/\/sklepik.podgorze.pl\/index.php\/wp-json\/wp\/v2\/media\/29"}],"wp:attachment":[{"href":"https:\/\/sklepik.podgorze.pl\/index.php\/wp-json\/wp\/v2\/media?parent=28"}],"wp:term":[{"taxonomy":"product_brand","embeddable":true,"href":"https:\/\/sklepik.podgorze.pl\/index.php\/wp-json\/wp\/v2\/product_brand?post=28"},{"taxonomy":"product_cat","embeddable":true,"href":"https:\/\/sklepik.podgorze.pl\/index.php\/wp-json\/wp\/v2\/product_cat?post=28"},{"taxonomy":"product_tag","embeddable":true,"href":"https:\/\/sklepik.podgorze.pl\/index.php\/wp-json\/wp\/v2\/product_tag?post=28"}],"curies":[{"name":"wp","href":"https:\/\/api.w.org\/{rel}","templated":true}]}}